{"id":243,"date":"2026-01-13T17:03:01","date_gmt":"2026-01-13T16:03:01","guid":{"rendered":"https:\/\/zaran-t.com\/zarantsite\/?page_id=243"},"modified":"2026-01-26T03:27:28","modified_gmt":"2026-01-26T02:27:28","slug":"pourquoi-nous-choisir","status":"publish","type":"page","link":"https:\/\/zaran-t.com\/zarantsite\/pourquoi-nous-choisir\/","title":{"rendered":"Pourquoi nous-choisir?"},"content":{"rendered":"\t\t<div data-elementor-type=\"wp-page\" data-elementor-id=\"243\" class=\"elementor elementor-243\" data-elementor-settings=\"{&quot;ha_cmc_init_switcher&quot;:&quot;no&quot;}\">\n\t\t\t\t<div class=\"elementor-element elementor-element-0d0b0d0 e-con-full e-flex wpr-jarallax-no wpr-parallax-no wpr-sticky-section-no elementor-invisible e-con e-parent\" data-id=\"0d0b0d0\" data-element_type=\"container\" data-e-type=\"container\" data-settings=\"{&quot;background_background&quot;:&quot;slideshow&quot;,&quot;animation&quot;:&quot;fadeIn&quot;,&quot;background_slideshow_gallery&quot;:[{&quot;id&quot;:395,&quot;url&quot;:&quot;https:\\\/\\\/zaran-t.com\\\/zarantsite\\\/wp-content\\\/uploads\\\/2026\\\/01\\\/warehouse-manager-training-assistant-doing-inventory-with-barcode-scanner-scaled.jpg&quot;},{&quot;id&quot;:394,&quot;url&quot;:&quot;https:\\\/\\\/zaran-t.com\\\/zarantsite\\\/wp-content\\\/uploads\\\/2026\\\/01\\\/focused-female-logistic-employee-hardhat-safety-vest-walking-warehouse-carrying-open-folder-looking-through-document-copy-space-front-view-labor-inspection-concept-scaled.jpg&quot;},{&quot;id&quot;:399,&quot;url&quot;:&quot;https:\\\/\\\/zaran-t.com\\\/zarantsite\\\/wp-content\\\/uploads\\\/2026\\\/01\\\/close-up-delivery-person-with-parcels-scaled.jpg&quot;}],&quot;background_slideshow_slide_duration&quot;:3000,&quot;background_slideshow_slide_transition&quot;:&quot;slide_right&quot;,&quot;shape_divider_top&quot;:&quot;clouds&quot;,&quot;background_slideshow_loop&quot;:&quot;yes&quot;,&quot;background_slideshow_transition_duration&quot;:500,&quot;_ha_eqh_enable&quot;:false}\">\n\t\t\t\t<div class=\"elementor-shape elementor-shape-top\" aria-hidden=\"true\" data-negative=\"false\">\n\t\t\t<svg xmlns=\"http:\/\/www.w3.org\/2000\/svg\" viewBox=\"0 0 283.5 27.8\" preserveAspectRatio=\"xMidYMax slice\">\n  <path class=\"elementor-shape-fill\" d=\"M0 0v6.7c1.9-.8 4.7-1.4 8.5-1 9.5 1.1 11.1 6 11.1 6s2.1-.7 4.3-.2c2.1.5 2.8 2.6 2.8 2.6s.2-.5 1.4-.7c1.2-.2 1.7.2 1.7.2s0-2.1 1.9-2.8c1.9-.7 3.6.7 3.6.7s.7-2.9 3.1-4.1 4.7 0 4.7 0 1.2-.5 2.4 0 1.7 1.4 1.7 1.4h1.4c.7 0 1.2.7 1.2.7s.8-1.8 4-2.2c3.5-.4 5.3 2.4 6.2 4.4.4-.4 1-.7 1.8-.9 2.8-.7 4 .7 4 .7s1.7-5 11.1-6c9.5-1.1 12.3 3.9 12.3 3.9s1.2-4.8 5.7-5.7c4.5-.9 6.8 1.8 6.8 1.8s.6-.6 1.5-.9c.9-.2 1.9-.2 1.9-.2s5.2-6.4 12.6-3.3c7.3 3.1 4.7 9 4.7 9s1.9-.9 4 0 2.8 2.4 2.8 2.4 1.9-1.2 4.5-1.2 4.3 1.2 4.3 1.2.2-1 1.4-1.7 2.1-.7 2.1-.7-.5-3.1 2.1-5.5 5.7-1.4 5.7-1.4 1.5-2.3 4.2-1.1c2.7 1.2 1.7 5.2 1.7 5.2s.3-.1 1.3.5c.5.4.8.8.9 1.1.5-1.4 2.4-5.8 8.4-4 7.1 2.1 3.5 8.9 3.5 8.9s.8-.4 2 0 1.1 1.1 1.1 1.1 1.1-1.1 2.3-1.1 2.1.5 2.1.5 1.9-3.6 6.2-1.2 1.9 6.4 1.9 6.4 2.6-2.4 7.4 0c3.4 1.7 3.9 4.9 3.9 4.9s3.3-6.9 10.4-7.9 11.5 2.6 11.5 2.6.8 0 1.2.2c.4.2.9.9.9.9s4.4-3.1 8.3.2c1.9 1.7 1.5 5 1.5 5s.3-1.1 1.6-1.4c1.3-.3 2.3.2 2.3.2s-.1-1.2.5-1.9 1.9-.9 1.9-.9-4.7-9.3 4.4-13.4c5.6-2.5 9.2.9 9.2.9s5-6.2 15.9-6.2 16.1 8.1 16.1 8.1.7-.2 1.6-.4V0H0z\"\/>\n<\/svg>\n\t\t<\/div>\n\t\t<div class=\"elementor-element elementor-element-b1d912b e-con-full e-flex wpr-particle-no wpr-jarallax-no wpr-parallax-no wpr-sticky-section-no e-con e-child\" data-id=\"b1d912b\" data-element_type=\"container\" data-e-type=\"container\" data-settings=\"{&quot;_ha_eqh_enable&quot;:false}\">\n\t\t\t\t<div class=\"elementor-element elementor-element-18a18fe elementor-widget elementor-widget-heading\" data-id=\"18a18fe\" data-element_type=\"widget\" data-e-type=\"widget\" data-widget_type=\"heading.default\">\n\t\t\t\t\t<h2 class=\"elementor-heading-title elementor-size-default\">Pourquoi nous choisir?<\/h2>\t\t\t\t<\/div>\n\t\t\t\t<\/div>\n\t\t\t\t<\/div>\n\t\t<div class=\"elementor-element elementor-element-b6e02ec e-flex e-con-boxed wpr-particle-no wpr-jarallax-no wpr-parallax-no wpr-sticky-section-no e-con e-parent\" data-id=\"b6e02ec\" data-element_type=\"container\" data-e-type=\"container\" data-settings=\"{&quot;_ha_eqh_enable&quot;:false}\">\n\t\t\t\t\t<div class=\"e-con-inner\">\n\t\t\t\t\t<\/div>\n\t\t\t\t<\/div>\n\t\t<div class=\"elementor-element elementor-element-1e0c971 e-flex e-con-boxed wpr-particle-no wpr-jarallax-no wpr-parallax-no wpr-sticky-section-no e-con e-parent\" data-id=\"1e0c971\" data-element_type=\"container\" data-e-type=\"container\" data-settings=\"{&quot;_ha_eqh_enable&quot;:false}\">\n\t\t\t\t\t<div class=\"e-con-inner\">\n\t\t<div class=\"elementor-element elementor-element-6849d46 e-con-full e-flex wpr-particle-no wpr-jarallax-no wpr-parallax-no wpr-sticky-section-no e-con e-child\" data-id=\"6849d46\" data-element_type=\"container\" data-e-type=\"container\" data-settings=\"{&quot;_ha_eqh_enable&quot;:false}\">\n\t\t\t\t<div class=\"elementor-element elementor-element-c4b4fe9 elementor-widget elementor-widget-counter\" data-id=\"c4b4fe9\" data-element_type=\"widget\" data-e-type=\"widget\" data-widget_type=\"counter.default\">\n\t\t\t\t\t\t\t<div class=\"elementor-counter\">\n\t\t\t<div class=\"elementor-counter-title\">Exp\u00e9rience cumul\u00e9e<\/div>\t\t\t<div class=\"elementor-counter-number-wrapper\">\n\t\t\t\t<span class=\"elementor-counter-number-prefix\"><\/span>\n\t\t\t\t<span class=\"elementor-counter-number\" data-duration=\"2000\" data-to-value=\"20\" data-from-value=\"0\" data-delimiter=\",\">0<\/span>\n\t\t\t\t<span class=\"elementor-counter-number-suffix\"><\/span>\n\t\t\t<\/div>\n\t\t<\/div>\n\t\t\t\t\t\t<\/div>\n\t\t\t\t<\/div>\n\t\t<div class=\"elementor-element elementor-element-ac785cc e-con-full e-flex wpr-particle-no wpr-jarallax-no wpr-parallax-no wpr-sticky-section-no e-con e-child\" data-id=\"ac785cc\" data-element_type=\"container\" data-e-type=\"container\" data-settings=\"{&quot;_ha_eqh_enable&quot;:false}\">\n\t\t\t\t<div class=\"elementor-element elementor-element-0b17514 elementor-widget elementor-widget-counter\" data-id=\"0b17514\" data-element_type=\"widget\" data-e-type=\"widget\" data-widget_type=\"counter.default\">\n\t\t\t\t\t\t\t<div class=\"elementor-counter\">\n\t\t\t<div class=\"elementor-counter-title\">Points relais<\/div>\t\t\t<div class=\"elementor-counter-number-wrapper\">\n\t\t\t\t<span class=\"elementor-counter-number-prefix\"><\/span>\n\t\t\t\t<span class=\"elementor-counter-number\" data-duration=\"2000\" data-to-value=\"9\" data-from-value=\"0\" data-delimiter=\",\">0<\/span>\n\t\t\t\t<span class=\"elementor-counter-number-suffix\"><\/span>\n\t\t\t<\/div>\n\t\t<\/div>\n\t\t\t\t\t\t<\/div>\n\t\t\t\t<\/div>\n\t\t\t\t<div class=\"elementor-element elementor-element-b3e950c elementor-widget elementor-widget-counter\" data-id=\"b3e950c\" data-element_type=\"widget\" data-e-type=\"widget\" data-widget_type=\"counter.default\">\n\t\t\t\t\t\t\t<div class=\"elementor-counter\">\n\t\t\t<div class=\"elementor-counter-title\">Affili\u00e9s au groupe AFRICA ALLIANCE LOGICTIC<\/div>\t\t\t<div class=\"elementor-counter-number-wrapper\">\n\t\t\t\t<span class=\"elementor-counter-number-prefix\"><\/span>\n\t\t\t\t<span class=\"elementor-counter-number\" data-duration=\"2000\" data-to-value=\"80000\" data-from-value=\"0\" data-delimiter=\",\">0<\/span>\n\t\t\t\t<span class=\"elementor-counter-number-suffix\"><\/span>\n\t\t\t<\/div>\n\t\t<\/div>\n\t\t\t\t\t\t<\/div>\n\t\t\t\t\t<\/div>\n\t\t\t\t<\/div>\n\t\t<div class=\"elementor-element elementor-element-218a6ea e-flex e-con-boxed wpr-particle-no wpr-jarallax-no wpr-parallax-no wpr-sticky-section-no e-con e-parent\" data-id=\"218a6ea\" data-element_type=\"container\" data-e-type=\"container\" data-settings=\"{&quot;_ha_eqh_enable&quot;:false}\">\n\t\t\t\t\t<div class=\"e-con-inner\">\n\t\t\t\t<div class=\"elementor-element elementor-element-d999b0a elementor-widget elementor-widget-heading\" data-id=\"d999b0a\" data-element_type=\"widget\" data-e-type=\"widget\" data-widget_type=\"heading.default\">\n\t\t\t\t\t<h2 class=\"elementor-heading-title elementor-size-default\">Zaran-t Supply CHAIN &amp; Logistics<\/h2>\t\t\t\t<\/div>\n\t\t\t\t\t<\/div>\n\t\t\t\t<\/div>\n\t\t<div class=\"elementor-element elementor-element-e3e2978 e-flex e-con-boxed wpr-particle-no wpr-jarallax-no wpr-parallax-no wpr-sticky-section-no e-con e-parent\" data-id=\"e3e2978\" data-element_type=\"container\" data-e-type=\"container\" data-settings=\"{&quot;background_background&quot;:&quot;classic&quot;,&quot;_ha_eqh_enable&quot;:false}\">\n\t\t\t\t\t<div class=\"e-con-inner\">\n\t\t<div class=\"elementor-element elementor-element-fdab484 e-con-full e-flex wpr-particle-no wpr-jarallax-no wpr-parallax-no wpr-sticky-section-no elementor-invisible e-con e-child\" data-id=\"fdab484\" data-element_type=\"container\" data-e-type=\"container\" data-settings=\"{&quot;animation&quot;:&quot;fadeIn&quot;,&quot;_ha_eqh_enable&quot;:false}\">\n\t\t\t\t<div class=\"elementor-element elementor-element-9f84404 elementor-widget elementor-widget-heading\" data-id=\"9f84404\" data-element_type=\"widget\" data-e-type=\"widget\" data-widget_type=\"heading.default\">\n\t\t\t\t\t<p class=\"elementor-heading-title elementor-size-default\">Concr\u00e8tement, cela se traduit par l\u2019affiliation \u00e0 un r\u00e9seau (de partenaires fiables et \ndynamiques \u00e0 travers le monde) de plusieurs d\u00e9cennies d\u2019exp\u00e9rience nous \npermettant ainsi d\u2019intervenir partout dans le monde.<\/p>\t\t\t\t<\/div>\n\t\t\t\t<div class=\"elementor-element elementor-element-5699869 elementor-icon-list--layout-traditional elementor-list-item-link-full_width elementor-widget elementor-widget-icon-list\" data-id=\"5699869\" data-element_type=\"widget\" data-e-type=\"widget\" data-widget_type=\"icon-list.default\">\n\t\t\t\t\t\t\t<ul class=\"elementor-icon-list-items\">\n\t\t\t\t\t\t\t<li class=\"elementor-icon-list-item\">\n\t\t\t\t\t\t\t\t\t\t\t<span class=\"elementor-icon-list-icon\">\n\t\t\t\t\t\t\t<svg aria-hidden=\"true\" class=\"e-font-icon-svg e-fas-plane\" viewBox=\"0 0 576 512\" xmlns=\"http:\/\/www.w3.org\/2000\/svg\"><path d=\"M480 192H365.71L260.61 8.06A16.014 16.014 0 0 0 246.71 0h-65.5c-10.63 0-18.3 10.17-15.38 20.39L214.86 192H112l-43.2-57.6c-3.02-4.03-7.77-6.4-12.8-6.4H16.01C5.6 128-2.04 137.78.49 147.88L32 256 .49 364.12C-2.04 374.22 5.6 384 16.01 384H56c5.04 0 9.78-2.37 12.8-6.4L112 320h102.86l-49.03 171.6c-2.92 10.22 4.75 20.4 15.38 20.4h65.5c5.74 0 11.04-3.08 13.89-8.06L365.71 320H480c35.35 0 96-28.65 96-64s-60.65-64-96-64z\"><\/path><\/svg>\t\t\t\t\t\t<\/span>\n\t\t\t\t\t\t\t\t\t\t<span class=\"elementor-icon-list-text\">Livraison rapide dans le monde entier<\/span>\n\t\t\t\t\t\t\t\t\t<\/li>\n\t\t\t\t\t\t\t\t<li class=\"elementor-icon-list-item\">\n\t\t\t\t\t\t\t\t\t\t\t<span class=\"elementor-icon-list-icon\">\n\t\t\t\t\t\t\t<i aria-hidden=\"true\" class=\"huge huge-boat\"><\/i>\t\t\t\t\t\t<\/span>\n\t\t\t\t\t\t\t\t\t\t<span class=\"elementor-icon-list-text\">Flexibilit\u00e9 de cout et de proc\u00e9dures<\/span>\n\t\t\t\t\t\t\t\t\t<\/li>\n\t\t\t\t\t\t\t\t<li class=\"elementor-icon-list-item\">\n\t\t\t\t\t\t\t\t\t\t\t<span class=\"elementor-icon-list-icon\">\n\t\t\t\t\t\t\t<svg aria-hidden=\"true\" class=\"e-font-icon-svg e-fas-truck\" viewBox=\"0 0 640 512\" xmlns=\"http:\/\/www.w3.org\/2000\/svg\"><path d=\"M624 352h-16V243.9c0-12.7-5.1-24.9-14.1-33.9L494 110.1c-9-9-21.2-14.1-33.9-14.1H416V48c0-26.5-21.5-48-48-48H48C21.5 0 0 21.5 0 48v320c0 26.5 21.5 48 48 48h16c0 53 43 96 96 96s96-43 96-96h128c0 53 43 96 96 96s96-43 96-96h48c8.8 0 16-7.2 16-16v-32c0-8.8-7.2-16-16-16zM160 464c-26.5 0-48-21.5-48-48s21.5-48 48-48 48 21.5 48 48-21.5 48-48 48zm320 0c-26.5 0-48-21.5-48-48s21.5-48 48-48 48 21.5 48 48-21.5 48-48 48zm80-208H416V144h44.1l99.9 99.9V256z\"><\/path><\/svg>\t\t\t\t\t\t<\/span>\n\t\t\t\t\t\t\t\t\t\t<span class=\"elementor-icon-list-text\">S\u00e9curit\u00e9 et Assurant transport<\/span>\n\t\t\t\t\t\t\t\t\t<\/li>\n\t\t\t\t\t\t<\/ul>\n\t\t\t\t\t\t<\/div>\n\t\t\t\t<\/div>\n\t\t<div class=\"elementor-element elementor-element-1c43336 e-con-full e-flex wpr-particle-no wpr-jarallax-no wpr-parallax-no wpr-sticky-section-no e-con e-child\" data-id=\"1c43336\" data-element_type=\"container\" data-e-type=\"container\" data-settings=\"{&quot;_ha_eqh_enable&quot;:false}\">\n\t\t<div class=\"elementor-element elementor-element-5fd6037 e-con-full e-flex wpr-particle-no wpr-jarallax-no wpr-parallax-no wpr-sticky-section-no e-con e-child\" data-id=\"5fd6037\" data-element_type=\"container\" data-e-type=\"container\" data-settings=\"{&quot;_ha_eqh_enable&quot;:false}\">\n\t\t\t\t<div class=\"elementor-element elementor-element-9a1c96a elementor-widget elementor-widget-image\" data-id=\"9a1c96a\" data-element_type=\"widget\" data-e-type=\"widget\" data-widget_type=\"image.default\">\n\t\t\t\t\t\t\t\t\t\t\t\t\t\t\t<img fetchpriority=\"high\" width=\"427\" height=\"607\"  class=\"attachment-large size-large wp-image-504 lws-optimize-lazyload\" alt=\"\" srcset=\"https:\/\/zaran-t.com\/zarantsite\/wp-content\/uploads\/2026\/01\/pourquoi.png 427w, https:\/\/zaran-t.com\/zarantsite\/wp-content\/uploads\/2026\/01\/pourquoi-211x300.png 211w\" sizes=\"(max-width: 427px) 100vw, 427px\" \/ data-src=\"https:\/\/zaran-t.com\/zarantsite\/wp-content\/uploads\/2026\/01\/pourquoi.png\">\t\t\t\t\t\t\t\t\t\t\t\t\t\t\t<\/div>\n\t\t\t\t<\/div>\n\t\t\t\t<\/div>\n\t\t\t\t\t<\/div>\n\t\t\t\t<\/div>\n\t\t\t\t<\/div>\n\t\t","protected":false},"excerpt":{"rendered":"<p>Pourquoi nous choisir? Exp\u00e9rience cumul\u00e9e 0 Points relais 0 Affili\u00e9s au groupe AFRICA ALLIANCE LOGICTIC 0 Zaran-t Supply CHAIN &amp; Logistics Concr\u00e8tement, cela se traduit par l\u2019affiliation \u00e0 un r\u00e9seau (de partenaires fiables et dynamiques \u00e0 travers le monde) de plusieurs d\u00e9cennies d\u2019exp\u00e9rience nous permettant ainsi d\u2019intervenir partout dans le monde. Livraison rapide dans le monde entier Flexibilit\u00e9 de cout et de proc\u00e9dures S\u00e9curit\u00e9 et Assurant transport<\/p>\n","protected":false},"author":1,"featured_media":0,"parent":0,"menu_order":0,"comment_status":"closed","ping_status":"closed","template":"elementor_header_footer","meta":{"footnotes":""},"class_list":["post-243","page","type-page","status-publish","hentry"],"yoast_head":"<!-- This site is optimized with the Yoast SEO plugin v27.4 - https:\/\/yoast.com\/product\/yoast-seo-wordpress\/ -->\n<title>Pourquoi nous-choisir? - zaran-t<\/title>\n<meta name=\"robots\" content=\"index, follow, max-snippet:-1, max-image-preview:large, max-video-preview:-1\" \/>\n<link rel=\"canonical\" href=\"https:\/\/zaran-t.com\/zarantsite\/pourquoi-nous-choisir\/\" \/>\n<meta property=\"og:locale\" content=\"fr_FR\" \/>\n<meta property=\"og:type\" content=\"article\" \/>\n<meta property=\"og:title\" content=\"Pourquoi nous-choisir? - zaran-t\" \/>\n<meta property=\"og:description\" content=\"Pourquoi nous choisir? Exp\u00e9rience cumul\u00e9e 0 Points relais 0 Affili\u00e9s au groupe AFRICA ALLIANCE LOGICTIC 0 Zaran-t Supply CHAIN &amp; Logistics Concr\u00e8tement, cela se traduit par l\u2019affiliation \u00e0 un r\u00e9seau (de partenaires fiables et dynamiques \u00e0 travers le monde) de plusieurs d\u00e9cennies d\u2019exp\u00e9rience nous permettant ainsi d\u2019intervenir partout dans le monde. Livraison rapide dans le monde entier Flexibilit\u00e9 de cout et de proc\u00e9dures S\u00e9curit\u00e9 et Assurant transport\" \/>\n<meta property=\"og:url\" content=\"https:\/\/zaran-t.com\/zarantsite\/pourquoi-nous-choisir\/\" \/>\n<meta property=\"og:site_name\" content=\"zaran-t\" \/>\n<meta property=\"article:modified_time\" content=\"2026-01-26T02:27:28+00:00\" \/>\n<meta property=\"og:image\" content=\"https:\/\/zaran-t.com\/zarantsite\/wp-content\/uploads\/2026\/01\/pourquoi.png\" \/>\n\t<meta property=\"og:image:width\" content=\"427\" \/>\n\t<meta property=\"og:image:height\" content=\"607\" \/>\n\t<meta property=\"og:image:type\" content=\"image\/png\" \/>\n<meta name=\"twitter:card\" content=\"summary_large_image\" \/>\n<meta name=\"twitter:label1\" content=\"Dur\u00e9e de lecture estim\u00e9e\" \/>\n\t<meta name=\"twitter:data1\" content=\"1 minute\" \/>\n<script type=\"application\/ld+json\" class=\"yoast-schema-graph\">{\"@context\":\"https:\\\/\\\/schema.org\",\"@graph\":[{\"@type\":\"WebPage\",\"@id\":\"https:\\\/\\\/zaran-t.com\\\/zarantsite\\\/pourquoi-nous-choisir\\\/\",\"url\":\"https:\\\/\\\/zaran-t.com\\\/zarantsite\\\/pourquoi-nous-choisir\\\/\",\"name\":\"Pourquoi nous-choisir? - zaran-t\",\"isPartOf\":{\"@id\":\"https:\\\/\\\/zaran-t.com\\\/zarantsite\\\/#website\"},\"primaryImageOfPage\":{\"@id\":\"https:\\\/\\\/zaran-t.com\\\/zarantsite\\\/pourquoi-nous-choisir\\\/#primaryimage\"},\"image\":{\"@id\":\"https:\\\/\\\/zaran-t.com\\\/zarantsite\\\/pourquoi-nous-choisir\\\/#primaryimage\"},\"thumbnailUrl\":\"https:\\\/\\\/zaran-t.com\\\/zarantsite\\\/wp-content\\\/uploads\\\/2026\\\/01\\\/pourquoi.png\",\"datePublished\":\"2026-01-13T16:03:01+00:00\",\"dateModified\":\"2026-01-26T02:27:28+00:00\",\"breadcrumb\":{\"@id\":\"https:\\\/\\\/zaran-t.com\\\/zarantsite\\\/pourquoi-nous-choisir\\\/#breadcrumb\"},\"inLanguage\":\"fr-FR\",\"potentialAction\":[{\"@type\":\"ReadAction\",\"target\":[\"https:\\\/\\\/zaran-t.com\\\/zarantsite\\\/pourquoi-nous-choisir\\\/\"]}]},{\"@type\":\"ImageObject\",\"inLanguage\":\"fr-FR\",\"@id\":\"https:\\\/\\\/zaran-t.com\\\/zarantsite\\\/pourquoi-nous-choisir\\\/#primaryimage\",\"url\":\"https:\\\/\\\/zaran-t.com\\\/zarantsite\\\/wp-content\\\/uploads\\\/2026\\\/01\\\/pourquoi.png\",\"contentUrl\":\"https:\\\/\\\/zaran-t.com\\\/zarantsite\\\/wp-content\\\/uploads\\\/2026\\\/01\\\/pourquoi.png\",\"width\":427,\"height\":607},{\"@type\":\"BreadcrumbList\",\"@id\":\"https:\\\/\\\/zaran-t.com\\\/zarantsite\\\/pourquoi-nous-choisir\\\/#breadcrumb\",\"itemListElement\":[{\"@type\":\"ListItem\",\"position\":1,\"name\":\"Home\",\"item\":\"https:\\\/\\\/zaran-t.com\\\/zarantsite\\\/\"},{\"@type\":\"ListItem\",\"position\":2,\"name\":\"Pourquoi nous-choisir?\"}]},{\"@type\":\"WebSite\",\"@id\":\"https:\\\/\\\/zaran-t.com\\\/zarantsite\\\/#website\",\"url\":\"https:\\\/\\\/zaran-t.com\\\/zarantsite\\\/\",\"name\":\"zaran-t\",\"description\":\"Supply Chain &amp; Logistics\",\"potentialAction\":[{\"@type\":\"SearchAction\",\"target\":{\"@type\":\"EntryPoint\",\"urlTemplate\":\"https:\\\/\\\/zaran-t.com\\\/zarantsite\\\/?s={search_term_string}\"},\"query-input\":{\"@type\":\"PropertyValueSpecification\",\"valueRequired\":true,\"valueName\":\"search_term_string\"}}],\"inLanguage\":\"fr-FR\"}]}<\/script>\n<!-- \/ Yoast SEO plugin. -->","yoast_head_json":{"title":"Pourquoi nous-choisir? - zaran-t","robots":{"index":"index","follow":"follow","max-snippet":"max-snippet:-1","max-image-preview":"max-image-preview:large","max-video-preview":"max-video-preview:-1"},"canonical":"https:\/\/zaran-t.com\/zarantsite\/pourquoi-nous-choisir\/","og_locale":"fr_FR","og_type":"article","og_title":"Pourquoi nous-choisir? - zaran-t","og_description":"Pourquoi nous choisir? Exp\u00e9rience cumul\u00e9e 0 Points relais 0 Affili\u00e9s au groupe AFRICA ALLIANCE LOGICTIC 0 Zaran-t Supply CHAIN &amp; Logistics Concr\u00e8tement, cela se traduit par l\u2019affiliation \u00e0 un r\u00e9seau (de partenaires fiables et dynamiques \u00e0 travers le monde) de plusieurs d\u00e9cennies d\u2019exp\u00e9rience nous permettant ainsi d\u2019intervenir partout dans le monde. Livraison rapide dans le monde entier Flexibilit\u00e9 de cout et de proc\u00e9dures S\u00e9curit\u00e9 et Assurant transport","og_url":"https:\/\/zaran-t.com\/zarantsite\/pourquoi-nous-choisir\/","og_site_name":"zaran-t","article_modified_time":"2026-01-26T02:27:28+00:00","og_image":[{"width":427,"height":607,"url":"https:\/\/zaran-t.com\/zarantsite\/wp-content\/uploads\/2026\/01\/pourquoi.png","type":"image\/png"}],"twitter_card":"summary_large_image","twitter_misc":{"Dur\u00e9e de lecture estim\u00e9e":"1 minute"},"schema":{"@context":"https:\/\/schema.org","@graph":[{"@type":"WebPage","@id":"https:\/\/zaran-t.com\/zarantsite\/pourquoi-nous-choisir\/","url":"https:\/\/zaran-t.com\/zarantsite\/pourquoi-nous-choisir\/","name":"Pourquoi nous-choisir? - zaran-t","isPartOf":{"@id":"https:\/\/zaran-t.com\/zarantsite\/#website"},"primaryImageOfPage":{"@id":"https:\/\/zaran-t.com\/zarantsite\/pourquoi-nous-choisir\/#primaryimage"},"image":{"@id":"https:\/\/zaran-t.com\/zarantsite\/pourquoi-nous-choisir\/#primaryimage"},"thumbnailUrl":"https:\/\/zaran-t.com\/zarantsite\/wp-content\/uploads\/2026\/01\/pourquoi.png","datePublished":"2026-01-13T16:03:01+00:00","dateModified":"2026-01-26T02:27:28+00:00","breadcrumb":{"@id":"https:\/\/zaran-t.com\/zarantsite\/pourquoi-nous-choisir\/#breadcrumb"},"inLanguage":"fr-FR","potentialAction":[{"@type":"ReadAction","target":["https:\/\/zaran-t.com\/zarantsite\/pourquoi-nous-choisir\/"]}]},{"@type":"ImageObject","inLanguage":"fr-FR","@id":"https:\/\/zaran-t.com\/zarantsite\/pourquoi-nous-choisir\/#primaryimage","url":"https:\/\/zaran-t.com\/zarantsite\/wp-content\/uploads\/2026\/01\/pourquoi.png","contentUrl":"https:\/\/zaran-t.com\/zarantsite\/wp-content\/uploads\/2026\/01\/pourquoi.png","width":427,"height":607},{"@type":"BreadcrumbList","@id":"https:\/\/zaran-t.com\/zarantsite\/pourquoi-nous-choisir\/#breadcrumb","itemListElement":[{"@type":"ListItem","position":1,"name":"Home","item":"https:\/\/zaran-t.com\/zarantsite\/"},{"@type":"ListItem","position":2,"name":"Pourquoi nous-choisir?"}]},{"@type":"WebSite","@id":"https:\/\/zaran-t.com\/zarantsite\/#website","url":"https:\/\/zaran-t.com\/zarantsite\/","name":"zaran-t","description":"Supply Chain &amp; Logistics","potentialAction":[{"@type":"SearchAction","target":{"@type":"EntryPoint","urlTemplate":"https:\/\/zaran-t.com\/zarantsite\/?s={search_term_string}"},"query-input":{"@type":"PropertyValueSpecification","valueRequired":true,"valueName":"search_term_string"}}],"inLanguage":"fr-FR"}]}},"_links":{"self":[{"href":"https:\/\/zaran-t.com\/zarantsite\/wp-json\/wp\/v2\/pages\/243","targetHints":{"allow":["GET"]}}],"collection":[{"href":"https:\/\/zaran-t.com\/zarantsite\/wp-json\/wp\/v2\/pages"}],"about":[{"href":"https:\/\/zaran-t.com\/zarantsite\/wp-json\/wp\/v2\/types\/page"}],"author":[{"embeddable":true,"href":"https:\/\/zaran-t.com\/zarantsite\/wp-json\/wp\/v2\/users\/1"}],"replies":[{"embeddable":true,"href":"https:\/\/zaran-t.com\/zarantsite\/wp-json\/wp\/v2\/comments?post=243"}],"version-history":[{"count":43,"href":"https:\/\/zaran-t.com\/zarantsite\/wp-json\/wp\/v2\/pages\/243\/revisions"}],"predecessor-version":[{"id":538,"href":"https:\/\/zaran-t.com\/zarantsite\/wp-json\/wp\/v2\/pages\/243\/revisions\/538"}],"wp:attachment":[{"href":"https:\/\/zaran-t.com\/zarantsite\/wp-json\/wp\/v2\/media?parent=243"}],"curies":[{"name":"wp","href":"https:\/\/api.w.org\/{rel}","templated":true}]}}